{"id":7,"date":"2015-12-05T12:48:12","date_gmt":"2015-12-05T12:48:12","guid":{"rendered":"http:\/\/techosrenover.com\/?page_id=7"},"modified":"2016-03-01T13:04:19","modified_gmt":"2016-03-01T13:04:19","slug":"servicios","status":"publish","type":"page","link":"https:\/\/techosrenover.com\/?page_id=7","title":{"rendered":"Nuestro Sistema"},"content":{"rendered":"<p class=\"font_8\"><a href=\"http:\/\/techosrenover.com\/wp-content\/uploads\/2015\/12\/Ceiling-Cleaning-Total-Service-Station-before-after11.jpg\"><img decoding=\"async\" class=\"aligncenter wp-image-70 size-full\" src=\"http:\/\/techosrenover.com\/wp-content\/uploads\/2015\/12\/Ceiling-Cleaning-Total-Service-Station-before-after11.jpg\" alt=\"Ceiling-Cleaning-Total-Service-Station-before-after1\" width=\"100%\" srcset=\"https:\/\/techosrenover.com\/wp-content\/uploads\/2015\/12\/Ceiling-Cleaning-Total-Service-Station-before-after11.jpg 1100w, https:\/\/techosrenover.com\/wp-content\/uploads\/2015\/12\/Ceiling-Cleaning-Total-Service-Station-before-after11-300x100.jpg 300w, https:\/\/techosrenover.com\/wp-content\/uploads\/2015\/12\/Ceiling-Cleaning-Total-Service-Station-before-after11-1024x342.jpg 1024w\" sizes=\"(max-width: 1100px) 100vw, 1100px\" \/><\/a><\/p>\n<p>&nbsp;<\/p>\n<h1>Superficies NO POROSAS<\/h1>\n<p>Con techos renover, realizamos la limpieza de los paramentos vin\u00edlicos, met\u00e1licos, devolvi\u00e9ndolos el brillo, manteniendo su color original y desinfect\u00e1ndolos, evitando asi la propagaci\u00f3n de hongos y bacterias.<br \/>\nNuestros productos son bactericidas, germicida y fungicida y eliminan la suciedad general, nicotina, grasa, poluci\u00f3n, polvo etc<br \/>\nConseguimos mayor luminosidad en las estancias al aumentar la reflexi\u00f3n de la luz, consiguiendo reducir la necesidad de consumo energ\u00e9tico de la empresa \u00f3 negocio<\/p>\n<h2>SISTEMA DE LIMPIEZA PARA PARAMENTOS NO POROSOS ( techos, paredes, fachadas\u2026.. )<\/h2>\n<p><img decoding=\"async\" style=\"float:right; width:100%; max-width:320px; margin-left:10px; margin-bottom:10px;\" src=\"http:\/\/techosrenover.com\/wp-content\/uploads\/2016\/03\/PARAMENTOS-ANTES.jpg\"\/> <img decoding=\"async\" style=\"float:right; width:100%; max-width:320px; margin-left:10px; margin-bottom:10px;\" src=\"http:\/\/techosrenover.com\/wp-content\/uploads\/2016\/03\/PARAMENTOS-DESPUES.jpg\"\/><\/p>\n<ul>\n<li>Met\u00e1licos\n<li>Vinilicos\n<li>Rejilla\n<li>Alucobond y muchos mas\u2026\u2026<\/ul>\n<h3>\n<p>NUESTRO PROCESO<\/h3>\n<ol>\n<li>Protecci\u00f3n de los distintos materiales\n<li>Aplicaci\u00f3n de nuestra mezcla exclusiva sobre el paramento, mediante equipos airless de baja presi\u00f3n\n<li>Dicha mezcla descompone molecularmente la suciedad adherida en segundos\n<li>Posteriormente retiramos la suciedad mediante pa\u00f1os de algod\u00f3n<\/ol>\n<h2>\nSISTEMA DE LIMPIEZA DE LUMINARIAS<\/h2>\n<p><img decoding=\"async\" style=\"float:right; width:100%; max-width:320px; margin-left:10px; margin-bottom:10px;\" src=\"http:\/\/techosrenover.com\/wp-content\/uploads\/2016\/03\/luminaria-antes.jpg\"\/> <img decoding=\"async\" style=\"float:right; width:100%; max-width:320px; margin-left:10px; margin-bottom:10px;\" src=\"http:\/\/techosrenover.com\/wp-content\/uploads\/2016\/03\/luminaria-despues.jpg\"\/>Sistema especifico para rejillas de luminarias, mejorando su aspecto general<br \/>\nEliminando la suciedad general, nicotina, grasa ( tanto de origen animal como vegetal ), poluci\u00f3n, polvo etc<\/p>\n<h3>\nNUESTRO PROCESO<\/h3>\n<ol>\n<li>Desmontamos las rejillas\n<li>Aplicamos el producto mediante airless\n<li>Aclaramos\n<li>Secamos\n<li>Montamos<\/ol>\n<p>&nbsp;<\/p>\n<p><h1>Superficies POROSAS<\/h1>\n<\/p>\n<h2>SISTEMA DE LIMPIEZA PARA PARAMENTOS POROSOS<\/h2>\n<p><img decoding=\"async\" style=\"float:right; width:100%; max-width:320px; margin-left:10px; margin-bottom:10px;\" src=\"http:\/\/techosrenover.com\/wp-content\/uploads\/2016\/03\/porosos-antes.jpg\"\/> <img decoding=\"async\" style=\"float:right; width:100%; max-width:320px; margin-left:10px; margin-bottom:10px;\" src=\"http:\/\/techosrenover.com\/wp-content\/uploads\/2016\/03\/porosos-despues.jpg\"\/>Marcamos la diferencia con otros sistemas, dada la variedad de \u00e9ste tipo de soportes ( colores, materiales, tama\u00f1os ), Techos renover utiliza una nueva tecnolog\u00eda SIN-PA\u00d1O, consiguiendo limpiar e higienizar \u00e9ste tipo de techos sin cambiar la tonalidad y por supuesto sin aplicar pinturas \u00f3 resinas<\/p>\n<ul>\n<li>La perfileria no se adhiere a las placas , ni se pinta\n<li>Eliminamos todo tipo de bacter\u00edas, hongos etc\n<li>Mantenemos las propiedades ac\u00fasticas e ignifugas\n<li>Mantenemos su color original\n<li>Coste inferior a la sustituci\u00f3n de las placas\n<li>Mayor luminosidad<\/ul>\n<h3>NUESTRO PROCESO<\/h3>\n<ol>\n<li>Protecci\u00f3n de mobiliario urbano y suelos\n<li>Eliminamos el polvo en seco, con una esponja especial\n<li>Aplicamos nuestra exclusiva mezcla Techos renover, mediante airless ( transparente )\n<li>Sin frotar \u00f3 recubrir las placas, esperamos que el producto descomponga la suciedad, elimine los g\u00e9rmenes y se seque\n<li>El techo recobrar\u00e1 su color original y quedar\u00e1 limpio e higienizado<\/ol>\n<h2>RESTAURACI\u00d3N DE TECHOS<\/h2>\n<p><img decoding=\"async\" style=\"float:right; width:100%; max-width:320px; margin-left:10px; margin-bottom:10px;\" src=\"http:\/\/techosrenover.com\/wp-content\/uploads\/2016\/03\/techos-antes.jpg\"\/> <img decoding=\"async\" style=\"float:right; width:100%; max-width:320px; margin-left:10px; margin-bottom:10px;\" src=\"http:\/\/techosrenover.com\/wp-content\/uploads\/2016\/03\/techos-despues.jpg\"\/>\u00danicamente, en los casos en que los falsos techos, por su estado de deterioro \u00f3 de envejecimiento, la limpieza no sea la soluci\u00f3n adecuada, \u00f3 aquellos donde algunas de las placas, ha sido cambiada y no es igual al resto \u00f3 si el cliente desea cambiar el color por uno de mayor luminosidad, aplicar\u00edamos nuestro recubrimiento especial.<\/p>\n<ul>\n<li>No se alteran las propiedades ignifugas y ac\u00fasticas\n<li>Mayor luminosidad\n<li>Est\u00e9tica\n<li>Eliminaci\u00f3n de bacterias, hongos etc\u2026\n<li>No amarillea la placa<\/ul>\n<h3>\nNUESTRO PROCESO<\/h3>\n<ol>\n<li>Se protege el mobiliario de oficina\n<li>Se limpian los elementos instalados en el techo ( detectores de humo, luces etc )\n<li>Se pulveriza nuestro producto exclusivo, mediante airless de baja presi\u00f3n\n<li>Se retiran las protecciones<\/ol>\n<div style=\"float: left; width:100%;\">\n<a href=\"http:\/\/techosrenover.com\/wp-content\/uploads\/2015\/12\/images.jpg\"><img loading=\"lazy\" decoding=\"async\" width=\"260\" height=\"172\" style=\"width:31%; min-width:300px;\" src=\"http:\/\/techosrenover.com\/wp-content\/uploads\/2015\/12\/images.jpg\" alt=\"images\"  class=\"alignnone size-full wp-image-155\" \/><\/a><a href=\"http:\/\/techosrenover.com\/wp-content\/uploads\/2015\/12\/Calabash-ceiling-cleaning-Car-showrooms-Bmw-Mini-350x248.jpg\"><img loading=\"lazy\" decoding=\"async\" width=\"260\" height=\"172\" style=\"width:31%; min-width:300px;\" src=\"http:\/\/techosrenover.com\/wp-content\/uploads\/2015\/12\/Calabash-ceiling-cleaning-Car-showrooms-Bmw-Mini-350x248.jpg\" alt=\"Calabash-ceiling-cleaning-Car-showrooms-Bmw-Mini-350x248\" class=\"alignnone size-full wp-image-157\" \/><\/a><a href=\"http:\/\/techosrenover.com\/wp-content\/uploads\/2015\/12\/ceiling-tile-cleaning.jpg\"><img loading=\"lazy\" decoding=\"async\" width=\"260\" height=\"172\" style=\"width:31%; min-width:300px;\" src=\"http:\/\/techosrenover.com\/wp-content\/uploads\/2015\/12\/ceiling-tile-cleaning.jpg\" alt=\"ceiling-tile-cleaning\" class=\"alignnone size-full wp-image-156\" \/><\/a>\n<\/div>\n","protected":false},"excerpt":{"rendered":"<p>&nbsp; Superficies NO POROSAS Con techos renover, realizamos la limpieza de los paramentos vin\u00edlicos, met\u00e1licos, devolvi\u00e9ndolos el brillo, manteniendo su color original y desinfect\u00e1ndolos, evitando asi la propagaci\u00f3n de hongos y bacterias. Nuestros productos son bactericidas, germicida y fungicida y eliminan la suciedad general, nicotina, grasa, poluci\u00f3n, polvo etc Conseguimos mayor luminosidad en las estancias<br \/><a class=\"moretag\" href=\"https:\/\/techosrenover.com\/?page_id=7\">+ M\u00e1s informaci\u00f3n<\/a><\/p>\n","protected":false},"author":3,"featured_media":0,"parent":0,"menu_order":0,"comment_status":"closed","ping_status":"closed","template":"page-fullwidth.php","meta":{"footnotes":""},"class_list":["post-7","page","type-page","status-publish","hentry"],"_links":{"self":[{"href":"https:\/\/techosrenover.com\/index.php?rest_route=\/wp\/v2\/pages\/7","targetHints":{"allow":["GET"]}}],"collection":[{"href":"https:\/\/techosrenover.com\/index.php?rest_route=\/wp\/v2\/pages"}],"about":[{"href":"https:\/\/techosrenover.com\/index.php?rest_route=\/wp\/v2\/types\/page"}],"author":[{"embeddable":true,"href":"https:\/\/techosrenover.com\/index.php?rest_route=\/wp\/v2\/users\/3"}],"replies":[{"embeddable":true,"href":"https:\/\/techosrenover.com\/index.php?rest_route=%2Fwp%2Fv2%2Fcomments&post=7"}],"version-history":[{"count":52,"href":"https:\/\/techosrenover.com\/index.php?rest_route=\/wp\/v2\/pages\/7\/revisions"}],"predecessor-version":[{"id":309,"href":"https:\/\/techosrenover.com\/index.php?rest_route=\/wp\/v2\/pages\/7\/revisions\/309"}],"wp:attachment":[{"href":"https:\/\/techosrenover.com\/index.php?rest_route=%2Fwp%2Fv2%2Fmedia&parent=7"}],"curies":[{"name":"wp","href":"https:\/\/api.w.org\/{rel}","templated":true}]}}